{"id":1289,"date":"2020-09-10T19:37:42","date_gmt":"2020-09-10T17:37:42","guid":{"rendered":"https:\/\/vinarijadeuric.com\/?page_id=1289"},"modified":"2023-01-24T13:26:54","modified_gmt":"2023-01-24T12:26:54","slug":"dostava","status":"publish","type":"page","link":"https:\/\/vinarijadeuric.com\/en\/dilivery\/","title":{"rendered":"Delivery"},"content":{"rendered":"\t\t<div data-elementor-type=\"wp-page\" data-elementor-id=\"1289\" class=\"elementor elementor-1289\" data-elementor-post-type=\"page\">\n\t\t\t\t\t\t<section class=\"elementor-section elementor-top-section elementor-element elementor-element-c5f29cb elementor-section-stretched elementor-section-full_width elementor-section-content-middle elementor-section-height-min-height elementor-section-height-default elementor-section-items-middle\" data-id=\"c5f29cb\" data-element_type=\"section\" data-e-type=\"section\" data-settings=\"{&quot;stretch_section&quot;:&quot;section-stretched&quot;,&quot;sticky&quot;:&quot;top&quot;,&quot;background_background&quot;:&quot;classic&quot;,&quot;sticky_on&quot;:[&quot;desktop&quot;,&quot;tablet&quot;,&quot;mobile&quot;],&quot;sticky_offset&quot;:0,&quot;sticky_effects_offset&quot;:0,&quot;sticky_anchor_link_offset&quot;:0}\">\n\t\t\t\t\t\t\t<div class=\"elementor-background-overlay\"><\/div>\n\t\t\t\t\t\t\t<div class=\"elementor-container elementor-column-gap-no\">\n\t\t\t\t\t<div class=\"elementor-column elementor-col-100 elementor-top-column elementor-element elementor-element-2300a52\" data-id=\"2300a52\" data-element_type=\"column\" data-e-type=\"column\" data-settings=\"{&quot;motion_fx_motion_fx_scrolling&quot;:&quot;yes&quot;,&quot;motion_fx_translateY_effect&quot;:&quot;yes&quot;,&quot;motion_fx_translateY_speed&quot;:{&quot;unit&quot;:&quot;px&quot;,&quot;size&quot;:4,&quot;sizes&quot;:[]},&quot;motion_fx_translateY_affectedRange&quot;:{&quot;unit&quot;:&quot;%&quot;,&quot;size&quot;:&quot;&quot;,&quot;sizes&quot;:{&quot;start&quot;:0,&quot;end&quot;:100}},&quot;motion_fx_devices&quot;:[&quot;desktop&quot;,&quot;tablet&quot;,&quot;mobile&quot;]}\">\n\t\t\t<div class=\"elementor-widget-wrap elementor-element-populated\">\n\t\t\t\t\t\t<div class=\"elementor-element elementor-element-639db50 elementor-widget elementor-widget-heading\" data-id=\"639db50\" data-element_type=\"widget\" data-e-type=\"widget\" data-widget_type=\"heading.default\">\n\t\t\t\t<div class=\"elementor-widget-container\">\n\t\t\t\t\t<h1 class=\"elementor-heading-title elementor-size-default\">Dostava<\/h1>\t\t\t\t<\/div>\n\t\t\t\t<\/div>\n\t\t\t\t<div class=\"elementor-element elementor-element-38b21cf elementor-widget-divider--view-line elementor-widget elementor-widget-divider\" data-id=\"38b21cf\" data-element_type=\"widget\" data-e-type=\"widget\" data-widget_type=\"divider.default\">\n\t\t\t\t<div class=\"elementor-widget-container\">\n\t\t\t\t\t\t\t<div class=\"elementor-divider\">\n\t\t\t<span class=\"elementor-divider-separator\">\n\t\t\t\t\t\t<\/span>\n\t\t<\/div>\n\t\t\t\t\t\t<\/div>\n\t\t\t\t<\/div>\n\t\t\t\t\t<\/div>\n\t\t<\/div>\n\t\t\t\t\t<\/div>\n\t\t<\/section>\n\t\t\t\t<section class=\"elementor-section elementor-top-section elementor-element elementor-element-9d51702 elementor-section-full_width elementor-section-height-default elementor-section-height-default\" data-id=\"9d51702\" data-element_type=\"section\" data-e-type=\"section\" data-settings=\"{&quot;background_background&quot;:&quot;classic&quot;}\">\n\t\t\t\t\t\t<div class=\"elementor-container elementor-column-gap-no\">\n\t\t\t\t\t<div class=\"elementor-column elementor-col-100 elementor-top-column elementor-element elementor-element-8fff164\" data-id=\"8fff164\" data-element_type=\"column\" data-e-type=\"column\">\n\t\t\t<div class=\"elementor-widget-wrap elementor-element-populated\">\n\t\t\t\t\t\t<div class=\"elementor-element elementor-element-40741ca elementor-widget elementor-widget-heading\" data-id=\"40741ca\" data-element_type=\"widget\" data-e-type=\"widget\" data-widget_type=\"heading.default\">\n\t\t\t\t<div class=\"elementor-widget-container\">\n\t\t\t\t\t<h2 class=\"elementor-heading-title elementor-size-default\">Dostava<\/h2>\t\t\t\t<\/div>\n\t\t\t\t<\/div>\n\t\t\t\t<div class=\"elementor-element elementor-element-c4e3f21 elementor-widget-divider--view-line elementor-widget elementor-widget-divider\" data-id=\"c4e3f21\" data-element_type=\"widget\" data-e-type=\"widget\" data-widget_type=\"divider.default\">\n\t\t\t\t<div class=\"elementor-widget-container\">\n\t\t\t\t\t\t\t<div class=\"elementor-divider\">\n\t\t\t<span class=\"elementor-divider-separator\">\n\t\t\t\t\t\t<\/span>\n\t\t<\/div>\n\t\t\t\t\t\t<\/div>\n\t\t\t\t<\/div>\n\t\t\t\t<div class=\"elementor-element elementor-element-bacacc7 elementor-widget elementor-widget-text-editor\" data-id=\"bacacc7\" data-element_type=\"widget\" data-e-type=\"widget\" data-widget_type=\"text-editor.default\">\n\t\t\t\t<div class=\"elementor-widget-container\">\n\t\t\t\t\t\t\t\t\t<p>Vinarija Deuri\u0107 vr\u0161i isporuku robe na teritoriji grada Beograda, i op\u0161tine Novi Sad. Isporuke vr\u0161imo za Beograd, utokrom i petkom, a za Novi Sad sredom. Ako osoba koja je naru\u010dila (koja preuzima) proizvod prilikom dostave nije kod ku\u0107e, po\u0161iljka se vra\u0107a po\u0161iljaocu. Dostava je besplatna za sve isporuke \u010dija vrednost prelazi 4.800,00 dinara. Ukoliko niste primili robu ili obave\u0161tenje o isporuci u o\u010dekivanom vremenu, molimo Vas da nas o tome neodlo\u017eno obavestite, kako bi preduzeli radnje pronalaska po\u0161iljke ili kako bi se poslala zamenska po\u0161iljka.<\/p>\t\t\t\t\t\t\t\t<\/div>\n\t\t\t\t<\/div>\n\t\t\t\t<div class=\"elementor-element elementor-element-d2ce335 elementor-widget elementor-widget-heading\" data-id=\"d2ce335\" data-element_type=\"widget\" data-e-type=\"widget\" data-widget_type=\"heading.default\">\n\t\t\t\t<div class=\"elementor-widget-container\">\n\t\t\t\t\t<h2 class=\"elementor-heading-title elementor-size-default\">Kako naru\u010diti<\/h2>\t\t\t\t<\/div>\n\t\t\t\t<\/div>\n\t\t\t\t<div class=\"elementor-element elementor-element-de9815e elementor-widget elementor-widget-text-editor\" data-id=\"de9815e\" data-element_type=\"widget\" data-e-type=\"widget\" data-widget_type=\"text-editor.default\">\n\t\t\t\t<div class=\"elementor-widget-container\">\n\t\t\t\t\t\t\t\t\t<p>Na na\u0161oj web stranici www.vinarijadeuric.com, mo\u017eete odabrati vina koja \u017eelite da naru\u010dite. Porud\u017ebinu mo\u017eete obaviti preko kontakt telefona +381 63 570 108, ponedeljak-petak, 8.00 \u2013 16.00 \u010dasova ili preko e-mail adrese office@vinarijadeuric.com.<\/p>\t\t\t\t\t\t\t\t<\/div>\n\t\t\t\t<\/div>\n\t\t\t\t<div class=\"elementor-element elementor-element-fe4e5b2 elementor-widget-divider--view-line elementor-widget elementor-widget-divider\" data-id=\"fe4e5b2\" data-element_type=\"widget\" data-e-type=\"widget\" data-widget_type=\"divider.default\">\n\t\t\t\t<div class=\"elementor-widget-container\">\n\t\t\t\t\t\t\t<div class=\"elementor-divider\">\n\t\t\t<span class=\"elementor-divider-separator\">\n\t\t\t\t\t\t<\/span>\n\t\t<\/div>\n\t\t\t\t\t\t<\/div>\n\t\t\t\t<\/div>\n\t\t\t\t<div class=\"elementor-element elementor-element-59ec42f elementor-widget elementor-widget-heading\" data-id=\"59ec42f\" data-element_type=\"widget\" data-e-type=\"widget\" data-widget_type=\"heading.default\">\n\t\t\t\t<div class=\"elementor-widget-container\">\n\t\t\t\t\t<h2 class=\"elementor-heading-title elementor-size-default\">Poru\u010divanje<\/h2>\t\t\t\t<\/div>\n\t\t\t\t<\/div>\n\t\t\t\t<div class=\"elementor-element elementor-element-77b205e elementor-widget-divider--view-line elementor-widget elementor-widget-divider\" data-id=\"77b205e\" data-element_type=\"widget\" data-e-type=\"widget\" data-widget_type=\"divider.default\">\n\t\t\t\t<div class=\"elementor-widget-container\">\n\t\t\t\t\t\t\t<div class=\"elementor-divider\">\n\t\t\t<span class=\"elementor-divider-separator\">\n\t\t\t\t\t\t<\/span>\n\t\t<\/div>\n\t\t\t\t\t\t<\/div>\n\t\t\t\t<\/div>\n\t\t\t\t<div class=\"elementor-element elementor-element-d9b915e elementor-widget elementor-widget-text-editor\" data-id=\"d9b915e\" data-element_type=\"widget\" data-e-type=\"widget\" data-widget_type=\"text-editor.default\">\n\t\t\t\t<div class=\"elementor-widget-container\">\n\t\t\t\t\t\t\t\t\tPutem <a style=\"color:black;text-decoration:underline;\"href=\"https:\/\/shop.vinarijadeuric.com\/prodavnica\/\">online prodavnice<\/a> omogu\u0107avamo Vam kupovinu svih proizvoda iz na\u0161e ponude. Zadr\u017eavamo pravo na gre\u0161ke opisa, fotografija, cena i broja artikala zbog automatskog unosa artikala u sistem, kao i automatske potvrde porud\u017ebine. U slu\u010daju gre\u0161ke merodavna je potvrda na\u0161eg operatera. Vinarija Deuri\u0107 nije odgovorna za tro\u0161kove telefona, prometa podataka ili bilo koje druge tro\u0161kove do kojih mo\u017ee do\u0107i prilikom porud\u017ebine ili pregleda\/pretra\u017eivanja web stranica. U slu\u010daju da eventualno nismo u mogu\u0107nosti isporu\u010diti neki od naru\u010denih proizvoda iz bilo kog razloga, na\u0161 operater \u0107e Vas kontaktirati telefonski ili e-mailom kako bi se dogovorila isporuka nekog drugog proizvoda ili eventualno otkazivanje naru\u010denog proizvoda. Vinarija Deuri\u0107 mo\u017ee porud\u017ebinu odbaciti odnosno ne isporu\u010diti robu ukoliko ustanovi da je do\u0161lo do zloupotrebe ili ustanovi da su podaci na porud\u017ebini nepotpuni odnosno neta\u010dni, osobito ukoliko s kupcem ne mo\u017ee stupiti u telefonski kontakt radi telefonske potvrde porud\u017ebine.\t\t\t\t\t\t\t\t<\/div>\n\t\t\t\t<\/div>\n\t\t\t\t<div class=\"elementor-element elementor-element-a11671d elementor-widget elementor-widget-heading\" data-id=\"a11671d\" data-element_type=\"widget\" data-e-type=\"widget\" data-widget_type=\"heading.default\">\n\t\t\t\t<div class=\"elementor-widget-container\">\n\t\t\t\t\t<h2 class=\"elementor-heading-title elementor-size-default\">Pla\u0107anje<\/h2>\t\t\t\t<\/div>\n\t\t\t\t<\/div>\n\t\t\t\t<div class=\"elementor-element elementor-element-2a35323 elementor-widget-divider--view-line elementor-widget elementor-widget-divider\" data-id=\"2a35323\" data-element_type=\"widget\" data-e-type=\"widget\" data-widget_type=\"divider.default\">\n\t\t\t\t<div class=\"elementor-widget-container\">\n\t\t\t\t\t\t\t<div class=\"elementor-divider\">\n\t\t\t<span class=\"elementor-divider-separator\">\n\t\t\t\t\t\t<\/span>\n\t\t<\/div>\n\t\t\t\t\t\t<\/div>\n\t\t\t\t<\/div>\n\t\t\t\t<div class=\"elementor-element elementor-element-d0cfa4b elementor-widget elementor-widget-text-editor\" data-id=\"d0cfa4b\" data-element_type=\"widget\" data-e-type=\"widget\" data-widget_type=\"text-editor.default\">\n\t\t\t\t<div class=\"elementor-widget-container\">\n\t\t\t\t\t\t\t\t\tNaru\u010deni proizvodi pla\u0107aju se: Pouze\u0107em: gotovinski dostavlja\u010du. Kod pla\u0107anja pouze\u0107em pre isporuke nazva\u0107emo Vas radi telefonske potvrde porud\u017ebine. Nije mogu\u0107e platiti bankarskim karticama na licu mesta.\t\t\t\t\t\t\t\t<\/div>\n\t\t\t\t<\/div>\n\t\t\t\t<div class=\"elementor-element elementor-element-b70caa9 elementor-widget elementor-widget-heading\" data-id=\"b70caa9\" data-element_type=\"widget\" data-e-type=\"widget\" data-widget_type=\"heading.default\">\n\t\t\t\t<div class=\"elementor-widget-container\">\n\t\t\t\t\t<h2 class=\"elementor-heading-title elementor-size-default\">Ispravnost po\u0161iljke<\/h2>\t\t\t\t<\/div>\n\t\t\t\t<\/div>\n\t\t\t\t<div class=\"elementor-element elementor-element-fa4cf33 elementor-widget-divider--view-line elementor-widget elementor-widget-divider\" data-id=\"fa4cf33\" data-element_type=\"widget\" data-e-type=\"widget\" data-widget_type=\"divider.default\">\n\t\t\t\t<div class=\"elementor-widget-container\">\n\t\t\t\t\t\t\t<div class=\"elementor-divider\">\n\t\t\t<span class=\"elementor-divider-separator\">\n\t\t\t\t\t\t<\/span>\n\t\t<\/div>\n\t\t\t\t\t\t<\/div>\n\t\t\t\t<\/div>\n\t\t\t\t<div class=\"elementor-element elementor-element-eb73214 elementor-widget elementor-widget-text-editor\" data-id=\"eb73214\" data-element_type=\"widget\" data-e-type=\"widget\" data-widget_type=\"text-editor.default\">\n\t\t\t\t<div class=\"elementor-widget-container\">\n\t\t\t\t\t\t\t\t\tNaru\u010deni proizvodi pakuju se na na\u010din da tokom uobi\u010dajene manipulacije ne budu o\u0161te\u0107eni. Prilikom preuzimanja robe kupac je du\u017ean proveriti eventualna o\u0161te\u0107enja I da ih odmah reklamira osobi koja je dostavila robu te da eventualno odbije da preuzme naru\u010denu robu ukoliko su na njoj vidljiva spolja\u0161nja o\u0161te\u0107enja. Kupac je du\u017ean da uporedi sadr\u017eaj po\u0161iljke (vrstu i koli\u010dinu dostavljenih artikala) sa ra\u010dunom, i da ukoliko ne\u0161to nedostaje ili je isporu\u010den pogre\u0161an proizvod, na licu mesta obavesti dostavlja\u010da. Primalac i dostavlja\u010d na licu mesta zapisni\u010dki utvr\u0111uju i svojim potpisom potvr\u0111uju nedostatke. Vinarija Deuri\u0107 \u0107e u najkra\u0107em mogu\u0107em roku o svom tro\u0161ku dostaviti artikle za koje se tako utvrdi da nedostaju u po\u0161iljci ili da su dostavljeni u neispravnom stanju. Provera ispravnosti porud\u017ebe je odgovornost kupca te se naknadne reklamacije u smislu koli\u010dine i vrste dostavljene robe i vidljivih nedostataka ne\u0107e uva\u017eiti.\t\t\t\t\t\t\t\t<\/div>\n\t\t\t\t<\/div>\n\t\t\t\t\t<\/div>\n\t\t<\/div>\n\t\t\t\t\t<\/div>\n\t\t<\/section>\n\t\t\t\t<\/div>\n\t\t","protected":false},"excerpt":{"rendered":"<p>Dostava Dostava Vinarija Deuri\u0107 vr\u0161i isporuku robe na teritoriji grada Beograda, i op\u0161tine Novi Sad. Isporuke vr\u0161imo za Beograd, utokrom i petkom, a za Novi Sad sredom. Ako osoba koja je naru\u010dila (koja preuzima) proizvod prilikom dostave nije kod ku\u0107e, po\u0161iljka se vra\u0107a po\u0161iljaocu. Dostava je besplatna za sve isporuke \u010dija vrednost prelazi 4.800,00 dinara. [&hellip;]<\/p>\n","protected":false},"author":2,"featured_media":0,"parent":0,"menu_order":0,"comment_status":"closed","ping_status":"closed","template":"elementor_header_footer","meta":{"ocean_post_layout":"","ocean_both_sidebars_style":"","ocean_both_sidebars_content_width":0,"ocean_both_sidebars_sidebars_width":0,"ocean_sidebar":"0","ocean_second_sidebar":"0","ocean_disable_margins":"enable","ocean_add_body_class":"","ocean_shortcode_before_top_bar":"","ocean_shortcode_after_top_bar":"","ocean_shortcode_before_header":"","ocean_shortcode_after_header":"","ocean_has_shortcode":"","ocean_shortcode_after_title":"","ocean_shortcode_before_footer_widgets":"","ocean_shortcode_after_footer_widgets":"","ocean_shortcode_before_footer_bottom":"","ocean_shortcode_after_footer_bottom":"","ocean_display_top_bar":"default","ocean_display_header":"default","ocean_header_style":"","ocean_center_header_left_menu":"0","ocean_custom_header_template":"0","ocean_custom_logo":0,"ocean_custom_retina_logo":0,"ocean_custom_logo_max_width":0,"ocean_custom_logo_tablet_max_width":0,"ocean_custom_logo_mobile_max_width":0,"ocean_custom_logo_max_height":0,"ocean_custom_logo_tablet_max_height":0,"ocean_custom_logo_mobile_max_height":0,"ocean_header_custom_menu":"0","ocean_menu_typo_font_family":"0","ocean_menu_typo_font_subset":"","ocean_menu_typo_font_size":0,"ocean_menu_typo_font_size_tablet":0,"ocean_menu_typo_font_size_mobile":0,"ocean_menu_typo_font_size_unit":"px","ocean_menu_typo_font_weight":"","ocean_menu_typo_font_weight_tablet":"","ocean_menu_typo_font_weight_mobile":"","ocean_menu_typo_transform":"","ocean_menu_typo_transform_tablet":"","ocean_menu_typo_transform_mobile":"","ocean_menu_typo_line_height":0,"ocean_menu_typo_line_height_tablet":0,"ocean_menu_typo_line_height_mobile":0,"ocean_menu_typo_line_height_unit":"","ocean_menu_typo_spacing":0,"ocean_menu_typo_spacing_tablet":0,"ocean_menu_typo_spacing_mobile":0,"ocean_menu_typo_spacing_unit":"","ocean_menu_link_color":"","ocean_menu_link_color_hover":"","ocean_menu_link_color_active":"","ocean_menu_link_background":"","ocean_menu_link_hover_background":"","ocean_menu_link_active_background":"","ocean_menu_social_links_bg":"","ocean_menu_social_hover_links_bg":"","ocean_menu_social_links_color":"","ocean_menu_social_hover_links_color":"","ocean_disable_title":"on","ocean_disable_heading":"default","ocean_post_title":"","ocean_post_subheading":"","ocean_post_title_style":"","ocean_post_title_background_color":"","ocean_post_title_background":0,"ocean_post_title_bg_image_position":"","ocean_post_title_bg_image_attachment":"","ocean_post_title_bg_image_repeat":"","ocean_post_title_bg_image_size":"","ocean_post_title_height":0,"ocean_post_title_bg_overlay":0.5,"ocean_post_title_bg_overlay_color":"","ocean_disable_breadcrumbs":"default","ocean_breadcrumbs_color":"","ocean_breadcrumbs_separator_color":"","ocean_breadcrumbs_links_color":"","ocean_breadcrumbs_links_hover_color":"","ocean_display_footer_widgets":"default","ocean_display_footer_bottom":"default","ocean_custom_footer_template":"0","footnotes":""},"class_list":["post-1289","page","type-page","status-publish","hentry","entry"],"_links":{"self":[{"href":"https:\/\/vinarijadeuric.com\/en\/wp-json\/wp\/v2\/pages\/1289","targetHints":{"allow":["GET"]}}],"collection":[{"href":"https:\/\/vinarijadeuric.com\/en\/wp-json\/wp\/v2\/pages"}],"about":[{"href":"https:\/\/vinarijadeuric.com\/en\/wp-json\/wp\/v2\/types\/page"}],"author":[{"embeddable":true,"href":"https:\/\/vinarijadeuric.com\/en\/wp-json\/wp\/v2\/users\/2"}],"replies":[{"embeddable":true,"href":"https:\/\/vinarijadeuric.com\/en\/wp-json\/wp\/v2\/comments?post=1289"}],"version-history":[{"count":15,"href":"https:\/\/vinarijadeuric.com\/en\/wp-json\/wp\/v2\/pages\/1289\/revisions"}],"predecessor-version":[{"id":2673,"href":"https:\/\/vinarijadeuric.com\/en\/wp-json\/wp\/v2\/pages\/1289\/revisions\/2673"}],"wp:attachment":[{"href":"https:\/\/vinarijadeuric.com\/en\/wp-json\/wp\/v2\/media?parent=1289"}],"curies":[{"name":"wp","href":"https:\/\/api.w.org\/{rel}","templated":true}]}}