{"id":4173,"date":"2025-02-12T15:37:21","date_gmt":"2025-02-12T14:37:21","guid":{"rendered":"https:\/\/vinarijadeuric.com\/?page_id=4173"},"modified":"2025-03-04T08:41:12","modified_gmt":"2025-03-04T07:41:12","slug":"team-building-programi","status":"publish","type":"page","link":"https:\/\/vinarijadeuric.com\/en\/team-building-programi\/","title":{"rendered":"Team Building programi"},"content":{"rendered":"\t\t<div data-elementor-type=\"wp-page\" data-elementor-id=\"4173\" class=\"elementor elementor-4173\" data-elementor-post-type=\"page\">\n\t\t\t\t\t\t<section class=\"elementor-section elementor-top-section elementor-element elementor-element-a410a17 elementor-section-stretched elementor-section-full_width elementor-section-content-middle elementor-section-height-min-height elementor-section-height-default elementor-section-items-middle\" data-id=\"a410a17\" data-element_type=\"section\" data-e-type=\"section\" data-settings=\"{&quot;stretch_section&quot;:&quot;section-stretched&quot;,&quot;sticky&quot;:&quot;top&quot;,&quot;background_background&quot;:&quot;classic&quot;,&quot;sticky_on&quot;:[&quot;desktop&quot;,&quot;tablet&quot;,&quot;mobile&quot;],&quot;sticky_offset&quot;:0,&quot;sticky_effects_offset&quot;:0,&quot;sticky_anchor_link_offset&quot;:0}\">\n\t\t\t\t\t\t\t<div class=\"elementor-background-overlay\"><\/div>\n\t\t\t\t\t\t\t<div class=\"elementor-container elementor-column-gap-no\">\n\t\t\t\t\t<div class=\"elementor-column elementor-col-100 elementor-top-column elementor-element elementor-element-0f344c6\" data-id=\"0f344c6\" data-element_type=\"column\" data-e-type=\"column\" data-settings=\"{&quot;motion_fx_motion_fx_scrolling&quot;:&quot;yes&quot;,&quot;motion_fx_translateY_effect&quot;:&quot;yes&quot;,&quot;motion_fx_translateY_speed&quot;:{&quot;unit&quot;:&quot;px&quot;,&quot;size&quot;:4,&quot;sizes&quot;:[]},&quot;motion_fx_translateY_affectedRange&quot;:{&quot;unit&quot;:&quot;%&quot;,&quot;size&quot;:&quot;&quot;,&quot;sizes&quot;:{&quot;start&quot;:0,&quot;end&quot;:100}},&quot;motion_fx_devices&quot;:[&quot;desktop&quot;,&quot;tablet&quot;,&quot;mobile&quot;]}\">\n\t\t\t<div class=\"elementor-widget-wrap elementor-element-populated\">\n\t\t\t\t\t\t<div class=\"elementor-element elementor-element-acc9df4 elementor-widget-divider--view-line elementor-widget elementor-widget-divider\" data-id=\"acc9df4\" data-element_type=\"widget\" data-e-type=\"widget\" data-widget_type=\"divider.default\">\n\t\t\t\t<div class=\"elementor-widget-container\">\n\t\t\t\t\t\t\t<div class=\"elementor-divider\">\n\t\t\t<span class=\"elementor-divider-separator\">\n\t\t\t\t\t\t<\/span>\n\t\t<\/div>\n\t\t\t\t\t\t<\/div>\n\t\t\t\t<\/div>\n\t\t\t\t\t<\/div>\n\t\t<\/div>\n\t\t\t\t\t<\/div>\n\t\t<\/section>\n\t\t\t\t<section class=\"elementor-section elementor-top-section elementor-element elementor-element-3cc9fa9 elementor-section-boxed elementor-section-height-default elementor-section-height-default\" data-id=\"3cc9fa9\" data-element_type=\"section\" data-e-type=\"section\" data-settings=\"{&quot;background_background&quot;:&quot;classic&quot;}\">\n\t\t\t\t\t\t<div class=\"elementor-container elementor-column-gap-default\">\n\t\t\t\t\t<div class=\"elementor-column elementor-col-100 elementor-top-column elementor-element elementor-element-013b892\" data-id=\"013b892\" data-element_type=\"column\" data-e-type=\"column\">\n\t\t\t<div class=\"elementor-widget-wrap elementor-element-populated\">\n\t\t\t\t\t\t<div class=\"elementor-element elementor-element-c8697f3 elementor-widget elementor-widget-text-editor\" data-id=\"c8697f3\" data-element_type=\"widget\" data-e-type=\"widget\" data-widget_type=\"text-editor.default\">\n\t\t\t\t<div class=\"elementor-widget-container\">\n\t\t\t\t\t\t\t\t\t<p>Bez obzira da li \u017eelite dinami\u010dne izazove, kreativne radionice ili opu\u0161tene trenutke uz dobar ru\u010dak i vino, kod nas \u0107ete prona\u0107i idealnu ravnote\u017eu izme\u0111u edukacije, zabave i timske koordinacije.\u200b<\/p>\t\t\t\t\t\t\t\t<\/div>\n\t\t\t\t<\/div>\n\t\t\t\t\t<\/div>\n\t\t<\/div>\n\t\t\t\t\t<\/div>\n\t\t<\/section>\n\t\t\t\t<section class=\"elementor-section elementor-top-section elementor-element elementor-element-49904ca elementor-section-full_width elementor-section-height-default elementor-section-height-default\" data-id=\"49904ca\" data-element_type=\"section\" data-e-type=\"section\" data-settings=\"{&quot;background_background&quot;:&quot;classic&quot;}\">\n\t\t\t\t\t\t<div class=\"elementor-container elementor-column-gap-default\">\n\t\t\t\t\t<div class=\"elementor-column elementor-col-50 elementor-top-column elementor-element elementor-element-aea2c78\" data-id=\"aea2c78\" data-element_type=\"column\" data-e-type=\"column\">\n\t\t\t<div class=\"elementor-widget-wrap elementor-element-populated\">\n\t\t\t\t\t\t<div class=\"elementor-element elementor-element-515fa76 elementor-widget elementor-widget-text-editor\" data-id=\"515fa76\" data-element_type=\"widget\" data-e-type=\"widget\" data-widget_type=\"text-editor.default\">\n\t\t\t\t<div class=\"elementor-widget-container\">\n\t\t\t\t\t\t\t\t\t<p>Na\u0161a vinarija u Sremu nudi vam <br \/>jedinstvenu atmosferu za druga\u010dije <br \/>team building aktivnosti, koje mogu da budu <br \/>prilago\u0111ene va\u0161im potrebama i \u017eeljama.<\/p>\t\t\t\t\t\t\t\t<\/div>\n\t\t\t\t<\/div>\n\t\t\t\t\t<\/div>\n\t\t<\/div>\n\t\t\t\t<div class=\"elementor-column elementor-col-50 elementor-top-column elementor-element elementor-element-7d42a90\" data-id=\"7d42a90\" data-element_type=\"column\" data-e-type=\"column\" data-settings=\"{&quot;background_background&quot;:&quot;classic&quot;}\">\n\t\t\t<div class=\"elementor-widget-wrap elementor-element-populated\">\n\t\t\t\t\t<div class=\"elementor-background-overlay\"><\/div>\n\t\t\t\t\t\t<div class=\"elementor-element elementor-element-73edfab elementor-widget-tablet__width-initial elementor-widget elementor-widget-text-editor\" data-id=\"73edfab\" data-element_type=\"widget\" data-e-type=\"widget\" data-widget_type=\"text-editor.default\">\n\t\t\t\t<div class=\"elementor-widget-container\">\n\t\t\t\t\t\t\t\t\t<p data-renderer-start-pos=\"673\">Mogu\u0107nost organizovanja:<\/p><ol class=\"ak-ol\" start=\"1\" data-indent-level=\"1\"><li><p data-renderer-start-pos=\"713\">Edukativne radionice<\/p><\/li><li><p data-renderer-start-pos=\"737\">Kreativne radionice<\/p><\/li><li><p data-renderer-start-pos=\"760\">Tematsko\/dinami\u010dki doga\u0111aji u prirodi<\/p><\/li><li><p data-renderer-start-pos=\"801\">Uparivanje hrane i vina<\/p><\/li><li><p data-renderer-start-pos=\"828\">Konferencijska sala<\/p><\/li><\/ol>\t\t\t\t\t\t\t\t<\/div>\n\t\t\t\t<\/div>\n\t\t\t\t\t<\/div>\n\t\t<\/div>\n\t\t\t\t\t<\/div>\n\t\t<\/section>\n\t\t\t\t<section class=\"elementor-section elementor-top-section elementor-element elementor-element-8f90e43 elementor-section-boxed elementor-section-height-default elementor-section-height-default\" data-id=\"8f90e43\" data-element_type=\"section\" data-e-type=\"section\" data-settings=\"{&quot;background_background&quot;:&quot;classic&quot;}\">\n\t\t\t\t\t\t<div class=\"elementor-container elementor-column-gap-default\">\n\t\t\t\t\t<div class=\"elementor-column elementor-col-100 elementor-top-column elementor-element elementor-element-b499b87\" data-id=\"b499b87\" data-element_type=\"column\" data-e-type=\"column\">\n\t\t\t<div class=\"elementor-widget-wrap elementor-element-populated\">\n\t\t\t\t\t\t<div class=\"elementor-element elementor-element-06fdd67 elementor-widget elementor-widget-text-editor\" data-id=\"06fdd67\" data-element_type=\"widget\" data-e-type=\"widget\" data-widget_type=\"text-editor.default\">\n\t\t\t\t<div class=\"elementor-widget-container\">\n\t\t\t\t\t\t\t\t\t<p data-renderer-start-pos=\"851\">Na\u0161a ponuda je fleksibilna i mo\u017ee se prilagoditi bilo kom timu. Bilo da \u017eelite da kombinujete nekoliko aktivnosti ili da se opustite uz bogatu ponudu hrane i vina, uvereni smo da \u0107emo stvoriti nezaboravno iskustvo za va\u0161 tim.<\/p><p data-renderer-start-pos=\"1088\">Kontaktirajte nas i dozvolite da zajedno osmislimo savr\u0161en program za va\u0161u grupu. Po\u0161aljite nam upit i otkrijte \u0161ta sve mo\u017eemo da organizujemo za vas!<\/p>\t\t\t\t\t\t\t\t<\/div>\n\t\t\t\t<\/div>\n\t\t\t\t<div class=\"elementor-element elementor-element-aa32283 elementor-widget elementor-widget-heading\" data-id=\"aa32283\" data-element_type=\"widget\" data-e-type=\"widget\" data-widget_type=\"heading.default\">\n\t\t\t\t<div class=\"elementor-widget-container\">\n\t\t\t\t\t<h1 class=\"elementor-heading-title elementor-size-default\">Konferencijska sala<\/h1>\t\t\t\t<\/div>\n\t\t\t\t<\/div>\n\t\t\t\t\t<\/div>\n\t\t<\/div>\n\t\t\t\t\t<\/div>\n\t\t<\/section>\n\t\t\t\t<section class=\"elementor-section elementor-top-section elementor-element elementor-element-7aabea8 elementor-section-boxed elementor-section-height-default elementor-section-height-default\" data-id=\"7aabea8\" data-element_type=\"section\" data-e-type=\"section\" data-settings=\"{&quot;background_background&quot;:&quot;classic&quot;}\">\n\t\t\t\t\t\t<div class=\"elementor-container elementor-column-gap-default\">\n\t\t\t\t\t<div class=\"elementor-column elementor-col-33 elementor-top-column elementor-element elementor-element-a7593de\" data-id=\"a7593de\" data-element_type=\"column\" data-e-type=\"column\">\n\t\t\t<div class=\"elementor-widget-wrap elementor-element-populated\">\n\t\t\t\t\t\t<div class=\"elementor-element elementor-element-289698e elementor-widget elementor-widget-image\" data-id=\"289698e\" data-element_type=\"widget\" data-e-type=\"widget\" data-widget_type=\"image.default\">\n\t\t\t\t<div class=\"elementor-widget-container\">\n\t\t\t\t\t\t\t\t\t\t\t\t\t\t\t<img fetchpriority=\"high\" decoding=\"async\" width=\"682\" height=\"1024\" src=\"https:\/\/vinarijadeuric.com\/wp-content\/uploads\/2024\/06\/IMG_9805-682x1024.jpg\" class=\"attachment-large size-large wp-image-3237\" alt=\"Team building programi - konferencijska sala - bioskopska postavka - P\" srcset=\"https:\/\/vinarijadeuric.com\/wp-content\/uploads\/2024\/06\/IMG_9805-682x1024.jpg 682w, https:\/\/vinarijadeuric.com\/wp-content\/uploads\/2024\/06\/IMG_9805-200x300.jpg 200w, https:\/\/vinarijadeuric.com\/wp-content\/uploads\/2024\/06\/IMG_9805-768x1152.jpg 768w, https:\/\/vinarijadeuric.com\/wp-content\/uploads\/2024\/06\/IMG_9805-1024x1536.jpg 1024w, https:\/\/vinarijadeuric.com\/wp-content\/uploads\/2024\/06\/IMG_9805-8x12.jpg 8w, https:\/\/vinarijadeuric.com\/wp-content\/uploads\/2024\/06\/IMG_9805.jpg 1333w\" sizes=\"(max-width: 682px) 100vw, 682px\" \/>\t\t\t\t\t\t\t\t\t\t\t\t\t\t\t<\/div>\n\t\t\t\t<\/div>\n\t\t\t\t<div class=\"elementor-element elementor-element-5e38216 elementor-widget elementor-widget-text-editor\" data-id=\"5e38216\" data-element_type=\"widget\" data-e-type=\"widget\" data-widget_type=\"text-editor.default\">\n\t\t\t\t<div class=\"elementor-widget-container\">\n\t\t\t\t\t\t\t\t\t<p style=\"text-align: center;\">U &#8222;\u041f&#8220;<\/p>\t\t\t\t\t\t\t\t<\/div>\n\t\t\t\t<\/div>\n\t\t\t\t\t<\/div>\n\t\t<\/div>\n\t\t\t\t<div class=\"elementor-column elementor-col-33 elementor-top-column elementor-element elementor-element-fd46291\" data-id=\"fd46291\" data-element_type=\"column\" data-e-type=\"column\">\n\t\t\t<div class=\"elementor-widget-wrap elementor-element-populated\">\n\t\t\t\t\t\t<div class=\"elementor-element elementor-element-4ca65eb elementor-widget elementor-widget-image\" data-id=\"4ca65eb\" data-element_type=\"widget\" data-e-type=\"widget\" data-widget_type=\"image.default\">\n\t\t\t\t<div class=\"elementor-widget-container\">\n\t\t\t\t\t\t\t\t\t\t\t\t\t\t\t<img decoding=\"async\" width=\"682\" height=\"1024\" src=\"https:\/\/vinarijadeuric.com\/wp-content\/uploads\/2024\/06\/IMG_9790-682x1024.jpg\" class=\"attachment-large size-large wp-image-3236\" alt=\"Team building programi - konferencijska sala - I\" srcset=\"https:\/\/vinarijadeuric.com\/wp-content\/uploads\/2024\/06\/IMG_9790-682x1024.jpg 682w, https:\/\/vinarijadeuric.com\/wp-content\/uploads\/2024\/06\/IMG_9790-200x300.jpg 200w, https:\/\/vinarijadeuric.com\/wp-content\/uploads\/2024\/06\/IMG_9790-768x1152.jpg 768w, https:\/\/vinarijadeuric.com\/wp-content\/uploads\/2024\/06\/IMG_9790-1024x1536.jpg 1024w, https:\/\/vinarijadeuric.com\/wp-content\/uploads\/2024\/06\/IMG_9790-8x12.jpg 8w, https:\/\/vinarijadeuric.com\/wp-content\/uploads\/2024\/06\/IMG_9790.jpg 1333w\" sizes=\"(max-width: 682px) 100vw, 682px\" \/>\t\t\t\t\t\t\t\t\t\t\t\t\t\t\t<\/div>\n\t\t\t\t<\/div>\n\t\t\t\t<div class=\"elementor-element elementor-element-62795e9 elementor-widget elementor-widget-text-editor\" data-id=\"62795e9\" data-element_type=\"widget\" data-e-type=\"widget\" data-widget_type=\"text-editor.default\">\n\t\t\t\t<div class=\"elementor-widget-container\">\n\t\t\t\t\t\t\t\t\t<p style=\"text-align: center;\">U latini\u010dno &#8222;I&#8220;<\/p>\t\t\t\t\t\t\t\t<\/div>\n\t\t\t\t<\/div>\n\t\t\t\t\t<\/div>\n\t\t<\/div>\n\t\t\t\t<div class=\"elementor-column elementor-col-33 elementor-top-column elementor-element elementor-element-d2bfc9f\" data-id=\"d2bfc9f\" data-element_type=\"column\" data-e-type=\"column\">\n\t\t\t<div class=\"elementor-widget-wrap elementor-element-populated\">\n\t\t\t\t\t\t<div class=\"elementor-element elementor-element-c5cd175 elementor-widget elementor-widget-image\" data-id=\"c5cd175\" data-element_type=\"widget\" data-e-type=\"widget\" data-widget_type=\"image.default\">\n\t\t\t\t<div class=\"elementor-widget-container\">\n\t\t\t\t\t\t\t\t\t\t\t\t\t\t\t<img decoding=\"async\" width=\"682\" height=\"1024\" src=\"https:\/\/vinarijadeuric.com\/wp-content\/uploads\/2025\/02\/BIOSKOPSKA-POSTAVKA-2-682x1024.jpg\" class=\"attachment-large size-large wp-image-4176\" alt=\"\" srcset=\"https:\/\/vinarijadeuric.com\/wp-content\/uploads\/2025\/02\/BIOSKOPSKA-POSTAVKA-2-682x1024.jpg 682w, https:\/\/vinarijadeuric.com\/wp-content\/uploads\/2025\/02\/BIOSKOPSKA-POSTAVKA-2-200x300.jpg 200w, https:\/\/vinarijadeuric.com\/wp-content\/uploads\/2025\/02\/BIOSKOPSKA-POSTAVKA-2-768x1152.jpg 768w, https:\/\/vinarijadeuric.com\/wp-content\/uploads\/2025\/02\/BIOSKOPSKA-POSTAVKA-2-1024x1536.jpg 1024w, https:\/\/vinarijadeuric.com\/wp-content\/uploads\/2025\/02\/BIOSKOPSKA-POSTAVKA-2-8x12.jpg 8w, https:\/\/vinarijadeuric.com\/wp-content\/uploads\/2025\/02\/BIOSKOPSKA-POSTAVKA-2.jpg 1333w\" sizes=\"(max-width: 682px) 100vw, 682px\" \/>\t\t\t\t\t\t\t\t\t\t\t\t\t\t\t<\/div>\n\t\t\t\t<\/div>\n\t\t\t\t<div class=\"elementor-element elementor-element-1e7a494 elementor-widget elementor-widget-text-editor\" data-id=\"1e7a494\" data-element_type=\"widget\" data-e-type=\"widget\" data-widget_type=\"text-editor.default\">\n\t\t\t\t<div class=\"elementor-widget-container\">\n\t\t\t\t\t\t\t\t\t<p style=\"text-align: center;\">Bioskopska postavka<\/p>\t\t\t\t\t\t\t\t<\/div>\n\t\t\t\t<\/div>\n\t\t\t\t\t<\/div>\n\t\t<\/div>\n\t\t\t\t\t<\/div>\n\t\t<\/section>\n\t\t\t\t<\/div>\n\t\t","protected":false},"excerpt":{"rendered":"<p>Bez obzira da li \u017eelite dinami\u010dne izazove, kreativne radionice ili opu\u0161tene trenutke uz dobar ru\u010dak i vino, kod nas \u0107ete prona\u0107i idealnu ravnote\u017eu izme\u0111u edukacije, zabave i timske koordinacije.\u200b Na\u0161a vinarija u Sremu nudi vam jedinstvenu atmosferu za druga\u010dije team building aktivnosti, koje mogu da budu prilago\u0111ene va\u0161im potrebama i \u017eeljama. Mogu\u0107nost organizovanja: Edukativne radionice [&hellip;]<\/p>\n","protected":false},"author":5,"featured_media":2098,"parent":0,"menu_order":0,"comment_status":"closed","ping_status":"closed","template":"elementor_header_footer","meta":{"ocean_post_layout":"","ocean_both_sidebars_style":"","ocean_both_sidebars_content_width":0,"ocean_both_sidebars_sidebars_width":0,"ocean_sidebar":"","ocean_second_sidebar":"","ocean_disable_margins":"enable","ocean_add_body_class":"","ocean_shortcode_before_top_bar":"","ocean_shortcode_after_top_bar":"","ocean_shortcode_before_header":"","ocean_shortcode_after_header":"","ocean_has_shortcode":"","ocean_shortcode_after_title":"","ocean_shortcode_before_footer_widgets":"","ocean_shortcode_after_footer_widgets":"","ocean_shortcode_before_footer_bottom":"","ocean_shortcode_after_footer_bottom":"","ocean_display_top_bar":"default","ocean_display_header":"default","ocean_header_style":"","ocean_center_header_left_menu":"","ocean_custom_header_template":"","ocean_custom_logo":0,"ocean_custom_retina_logo":0,"ocean_custom_logo_max_width":0,"ocean_custom_logo_tablet_max_width":0,"ocean_custom_logo_mobile_max_width":0,"ocean_custom_logo_max_height":0,"ocean_custom_logo_tablet_max_height":0,"ocean_custom_logo_mobile_max_height":0,"ocean_header_custom_menu":"","ocean_menu_typo_font_family":"","ocean_menu_typo_font_subset":"","ocean_menu_typo_font_size":0,"ocean_menu_typo_font_size_tablet":0,"ocean_menu_typo_font_size_mobile":0,"ocean_menu_typo_font_size_unit":"px","ocean_menu_typo_font_weight":"","ocean_menu_typo_font_weight_tablet":"","ocean_menu_typo_font_weight_mobile":"","ocean_menu_typo_transform":"","ocean_menu_typo_transform_tablet":"","ocean_menu_typo_transform_mobile":"","ocean_menu_typo_line_height":0,"ocean_menu_typo_line_height_tablet":0,"ocean_menu_typo_line_height_mobile":0,"ocean_menu_typo_line_height_unit":"","ocean_menu_typo_spacing":0,"ocean_menu_typo_spacing_tablet":0,"ocean_menu_typo_spacing_mobile":0,"ocean_menu_typo_spacing_unit":"","ocean_menu_link_color":"","ocean_menu_link_color_hover":"","ocean_menu_link_color_active":"","ocean_menu_link_background":"","ocean_menu_link_hover_background":"","ocean_menu_link_active_background":"","ocean_menu_social_links_bg":"","ocean_menu_social_hover_links_bg":"","ocean_menu_social_links_color":"","ocean_menu_social_hover_links_color":"","ocean_disable_title":"default","ocean_disable_heading":"default","ocean_post_title":"","ocean_post_subheading":"","ocean_post_title_style":"","ocean_post_title_background_color":"","ocean_post_title_background":0,"ocean_post_title_bg_image_position":"","ocean_post_title_bg_image_attachment":"","ocean_post_title_bg_image_repeat":"","ocean_post_title_bg_image_size":"","ocean_post_title_height":0,"ocean_post_title_bg_overlay":0.5,"ocean_post_title_bg_overlay_color":"","ocean_disable_breadcrumbs":"default","ocean_breadcrumbs_color":"","ocean_breadcrumbs_separator_color":"","ocean_breadcrumbs_links_color":"","ocean_breadcrumbs_links_hover_color":"","ocean_display_footer_widgets":"default","ocean_display_footer_bottom":"default","ocean_custom_footer_template":"","footnotes":""},"class_list":["post-4173","page","type-page","status-publish","has-post-thumbnail","hentry","entry","has-media"],"_links":{"self":[{"href":"https:\/\/vinarijadeuric.com\/en\/wp-json\/wp\/v2\/pages\/4173","targetHints":{"allow":["GET"]}}],"collection":[{"href":"https:\/\/vinarijadeuric.com\/en\/wp-json\/wp\/v2\/pages"}],"about":[{"href":"https:\/\/vinarijadeuric.com\/en\/wp-json\/wp\/v2\/types\/page"}],"author":[{"embeddable":true,"href":"https:\/\/vinarijadeuric.com\/en\/wp-json\/wp\/v2\/users\/5"}],"replies":[{"embeddable":true,"href":"https:\/\/vinarijadeuric.com\/en\/wp-json\/wp\/v2\/comments?post=4173"}],"version-history":[{"count":61,"href":"https:\/\/vinarijadeuric.com\/en\/wp-json\/wp\/v2\/pages\/4173\/revisions"}],"predecessor-version":[{"id":4247,"href":"https:\/\/vinarijadeuric.com\/en\/wp-json\/wp\/v2\/pages\/4173\/revisions\/4247"}],"wp:featuredmedia":[{"embeddable":true,"href":"https:\/\/vinarijadeuric.com\/en\/wp-json\/wp\/v2\/media\/2098"}],"wp:attachment":[{"href":"https:\/\/vinarijadeuric.com\/en\/wp-json\/wp\/v2\/media?parent=4173"}],"curies":[{"name":"wp","href":"https:\/\/api.w.org\/{rel}","templated":true}]}}